{"id":483,"date":"2023-10-18T18:40:26","date_gmt":"2023-10-18T18:40:26","guid":{"rendered":"http:\/\/dom-nadpotokiem.pl\/?page_id=483"},"modified":"2023-10-25T19:27:05","modified_gmt":"2023-10-25T19:27:05","slug":"regulamin","status":"publish","type":"page","link":"https:\/\/dom-nadpotokiem.pl\/index.php\/regulamin\/","title":{"rendered":"Regulamin"},"content":{"rendered":"\t\t<div data-elementor-type=\"wp-page\" data-elementor-id=\"483\" class=\"elementor elementor-483\">\n\t\t\t\t\t\t<section class=\"elementor-section elementor-top-section elementor-element elementor-element-94cefee elementor-section-boxed elementor-section-height-default elementor-section-height-default\" data-id=\"94cefee\" data-element_type=\"section\">\n\t\t\t\t\t\t<div class=\"elementor-container elementor-column-gap-default\">\n\t\t\t\t\t<div class=\"aux-parallax-section elementor-column elementor-col-100 elementor-top-column elementor-element elementor-element-de91f0e\" data-id=\"de91f0e\" data-element_type=\"column\">\n\t\t\t<div class=\"elementor-widget-wrap elementor-element-populated\">\n\t\t\t\t\t\t<div class=\"elementor-element elementor-element-bc22d1e elementor-widget elementor-widget-spacer\" data-id=\"bc22d1e\" data-element_type=\"widget\" data-widget_type=\"spacer.default\">\n\t\t\t\t<div class=\"elementor-widget-container\">\n\t\t\t\t\t<div class=\"elementor-spacer\">\n\t\t\t<div class=\"elementor-spacer-inner\"><\/div>\n\t\t<\/div>\n\t\t\t\t<\/div>\n\t\t\t\t<\/div>\n\t\t\t\t\t<\/div>\n\t\t<\/div>\n\t\t\t\t\t<\/div>\n\t\t<\/section>\n\t\t\t\t<section class=\"elementor-section elementor-top-section elementor-element elementor-element-9021a95 elementor-section-boxed elementor-section-height-default elementor-section-height-default\" data-id=\"9021a95\" data-element_type=\"section\">\n\t\t\t\t\t\t<div class=\"elementor-container elementor-column-gap-default\">\n\t\t\t\t\t<div class=\"aux-parallax-section elementor-column elementor-col-100 elementor-top-column elementor-element elementor-element-7f711089\" data-id=\"7f711089\" data-element_type=\"column\">\n\t\t\t<div class=\"elementor-widget-wrap elementor-element-populated\">\n\t\t\t\t\t\t<div class=\"elementor-element elementor-element-5599d0d1 elementor-widget elementor-widget-text-editor\" data-id=\"5599d0d1\" data-element_type=\"widget\" data-widget_type=\"text-editor.default\">\n\t\t\t\t<div class=\"elementor-widget-container\">\n\t\t\t\t\t\t\t<!-- wp:paragraph -->\n<p>Regulamin<\/p>\n<!-- \/wp:paragraph -->\t\t\t\t\t\t<\/div>\n\t\t\t\t<\/div>\n\t\t\t\t\t<\/div>\n\t\t<\/div>\n\t\t\t\t\t<\/div>\n\t\t<\/section>\n\t\t\t\t<section class=\"elementor-section elementor-top-section elementor-element elementor-element-641aeeb elementor-section-boxed elementor-section-height-default elementor-section-height-default\" data-id=\"641aeeb\" data-element_type=\"section\">\n\t\t\t\t\t\t<div class=\"elementor-container elementor-column-gap-default\">\n\t\t\t\t\t<div class=\"aux-parallax-section elementor-column elementor-col-100 elementor-top-column elementor-element elementor-element-c742eb0\" data-id=\"c742eb0\" data-element_type=\"column\">\n\t\t\t<div class=\"elementor-widget-wrap elementor-element-populated\">\n\t\t\t\t\t\t<div class=\"elementor-element elementor-element-22d9772 elementor-widget elementor-widget-text-editor\" data-id=\"22d9772\" data-element_type=\"widget\" data-widget_type=\"text-editor.default\">\n\t\t\t\t<div class=\"elementor-widget-container\">\n\t\t\t\t\t\t\t<p>REGULAMIN<\/p>\t\t\t\t\t\t<\/div>\n\t\t\t\t<\/div>\n\t\t\t\t<div class=\"elementor-element elementor-element-aae9de6 elementor-widget elementor-widget-text-editor\" data-id=\"aae9de6\" data-element_type=\"widget\" data-widget_type=\"text-editor.default\">\n\t\t\t\t<div class=\"elementor-widget-container\">\n\t\t\t\t\t\t\t<ol>\n<li>Go\u015b\u0107 Domu ,,Nad Potokiem\u201d zobowi\u0105zany jest po przyje\u017adzie do okazania dowodu osobistego i uzupe\u0142nienia karty meldunkowej.<br \/>2. Doba hotelowa zaczyna si\u0119 od godziny 14.00 i ko\u0144czy o 11.00 w dniu wyjazdu.<br \/>3. Go\u015b\u0107 nie mo\u017ce przekazywa\u0107 pokoju innym osobom, nawet je\u015bli nie up\u0142yn\u0105\u0142 okres, za kt\u00f3ry ui\u015bci\u0142 op\u0142at\u0119.4. Na terenie posesji oraz na obiekcie zakaz jest przebywania os\u00f3b nie zameldowanych w Domu ,,Nad Potokiem\u201d<br \/>5. Nale\u017cno\u015b\u0107 za pobyt pobierana jest w dniu przyjazdu, zgodnie z ustalonym przez Pa\u0144stwa terminem rezerwacji pokoju. W przypadku wcze\u015bniejszego wyjazdu lub p\u00f3\u017aniejszego przyjazdu ni\u017c w rezerwowanym terminie, nale\u017cno\u015b\u0107 za ca\u0142o\u015b\u0107 pobytu nie ulega zmianie.<br \/>6. Cisza nocna obowi\u0105zuje od godziny 22.00 do godziny 7.00. W tym czasie go\u015bcie Domu ,,Nad Potokiem\u201d maj\u0105 obowi\u0105zek takiego zachowania, kt\u00f3re nie zak\u0142\u00f3ca pobytu innym go\u015bciom.<br \/>7. W domu i jadalni obowi\u0105zuje ca\u0142kowity zakaz palenia papieros\u00f3w tradycyjnych, e-papieros\u00f3w oraz przesuwania mebli.<br \/>8. Go\u015b\u0107 ponosi materialn\u0105 odpowiedzialno\u015b\u0107 za wszelkiego rodzaju uszkodzenia lub zniszczenia wyposa\u017cenia i urz\u0105dze\u0144 technicznych powsta\u0142ych z jego winy.<br \/>9. Za szkody wyrz\u0105dzone przez dzieci odpowiada rodzic lub opiekun prawny.<br \/>10. W\u0142a\u015bciciel obiektu zastrzega sobie prawo do natychmiastowego usuni\u0119cia z obiektu Go\u015bcia z Domu ,,Nad Potokiem\u201d bez zwrotu pieni\u0119dzy za ra\u017c\u0105ce naruszenie zachowa\u0144 mi\u0119dzyludzkich (g\u0142o\u015bne zachowanie, bijatyki, puszczanie g\u0142o\u015bnej muzyki, przeszkadzanie innym Go\u015bciom, nie przestrzegania niniejszego regulaminu).<br \/>11. Parking przy obiekcie jest niestrze\u017cony. W\u0142a\u015bciciel nie odpowiada za pozostawione rzeczy w samochodzie lub jego z\u0142e zabezpieczenia.<br \/>12. Na terenie obiektu obowi\u0105zuje segregacja \u015bmieci.<br \/>13. W\u0142a\u015bciciel nie ponosi odpowiedzialno\u015bci z tytu\u0142u utraty lub uszkodzenia pieni\u0119dzy, papier\u00f3w warto\u015bciowych, kosztowno\u015bci i innych przedmiot\u00f3w maj\u0105cych jak\u0105kolwiek warto\u015b\u0107.<br \/>14. Postanowienia ko\u0144cowe:<br \/>Zapoznanie si\u0119 z regulaminem jest obowi\u0105zkowe.<br \/>Nieznajomo\u015b\u0107 regulaminu nie zwalnia od przestrzegania zasad obowi\u0105zuj\u0105cych na terenie Domu ,,Nad Potokiem\u201d i w innych obiektach.<br \/>Dzi\u0119kujemy za przestrzeganie niniejszego regulaminu.<\/li>\n<\/ol>\n<p>\u017byczymy udanego pobytu i niezapomnianych wra\u017ce\u0144 w Domu ,,Nad Potokiem\u201d<\/p>\t\t\t\t\t\t<\/div>\n\t\t\t\t<\/div>\n\t\t\t\t\t<\/div>\n\t\t<\/div>\n\t\t\t\t\t<\/div>\n\t\t<\/section>\n\t\t\t\t<\/div>\n\t\t","protected":false},"excerpt":{"rendered":"<p>Regulamin REGULAMIN Go\u015b\u0107 Domu ,,Nad Potokiem\u201d zobowi\u0105zany jest po przyje\u017adzie do okazania dowodu osobistego i uzupe\u0142nienia karty meldunkowej.2. Doba hotelowa zaczyna si\u0119 od godziny 14.00 i ko\u0144czy o 11.00 w dniu wyjazdu.3. Go\u015b\u0107 nie mo\u017ce przekazywa\u0107 pokoju innym osobom, nawet je\u015bli nie up\u0142yn\u0105\u0142 okres, za kt\u00f3ry ui\u015bci\u0142 op\u0142at\u0119.4. Na terenie posesji oraz na obiekcie zakaz [&hellip;]<\/p>\n","protected":false},"author":1,"featured_media":0,"parent":0,"menu_order":0,"comment_status":"closed","ping_status":"closed","template":"","meta":{"footnotes":""},"_links":{"self":[{"href":"https:\/\/dom-nadpotokiem.pl\/index.php\/wp-json\/wp\/v2\/pages\/483"}],"collection":[{"href":"https:\/\/dom-nadpotokiem.pl\/index.php\/wp-json\/wp\/v2\/pages"}],"about":[{"href":"https:\/\/dom-nadpotokiem.pl\/index.php\/wp-json\/wp\/v2\/types\/page"}],"author":[{"embeddable":true,"href":"https:\/\/dom-nadpotokiem.pl\/index.php\/wp-json\/wp\/v2\/users\/1"}],"replies":[{"embeddable":true,"href":"https:\/\/dom-nadpotokiem.pl\/index.php\/wp-json\/wp\/v2\/comments?post=483"}],"version-history":[{"count":30,"href":"https:\/\/dom-nadpotokiem.pl\/index.php\/wp-json\/wp\/v2\/pages\/483\/revisions"}],"predecessor-version":[{"id":678,"href":"https:\/\/dom-nadpotokiem.pl\/index.php\/wp-json\/wp\/v2\/pages\/483\/revisions\/678"}],"wp:attachment":[{"href":"https:\/\/dom-nadpotokiem.pl\/index.php\/wp-json\/wp\/v2\/media?parent=483"}],"curies":[{"name":"wp","href":"https:\/\/api.w.org\/{rel}","templated":true}]}}