{"id":459,"date":"2023-10-18T18:20:11","date_gmt":"2023-10-18T18:20:11","guid":{"rendered":"http:\/\/dom-nadpotokiem.pl\/?page_id=459"},"modified":"2023-11-01T15:36:33","modified_gmt":"2023-11-01T15:36:33","slug":"atrakcje-w-bieszczadach","status":"publish","type":"page","link":"https:\/\/dom-nadpotokiem.pl\/index.php\/atrakcje-w-bieszczadach\/","title":{"rendered":"Atrakcje w Bieszczadach"},"content":{"rendered":"\t\t<div data-elementor-type=\"wp-page\" data-elementor-id=\"459\" class=\"elementor elementor-459\">\n\t\t\t\t\t\t<section class=\"elementor-section elementor-top-section elementor-element elementor-element-a013881 elementor-section-boxed elementor-section-height-default elementor-section-height-default\" data-id=\"a013881\" data-element_type=\"section\">\n\t\t\t\t\t\t<div class=\"elementor-container elementor-column-gap-default\">\n\t\t\t\t\t<div class=\"aux-parallax-section elementor-column elementor-col-100 elementor-top-column elementor-element elementor-element-39e3443\" data-id=\"39e3443\" data-element_type=\"column\">\n\t\t\t<div class=\"elementor-widget-wrap\">\n\t\t\t\t\t\t\t<\/div>\n\t\t<\/div>\n\t\t\t\t\t<\/div>\n\t\t<\/section>\n\t\t\t\t<section class=\"elementor-section elementor-top-section elementor-element elementor-element-90505c4 elementor-section-boxed elementor-section-height-default elementor-section-height-default\" data-id=\"90505c4\" data-element_type=\"section\">\n\t\t\t\t\t\t<div class=\"elementor-container elementor-column-gap-default\">\n\t\t\t\t\t<div class=\"aux-parallax-section elementor-column elementor-col-100 elementor-top-column elementor-element elementor-element-8b57bfd\" data-id=\"8b57bfd\" data-element_type=\"column\">\n\t\t\t<div class=\"elementor-widget-wrap elementor-element-populated\">\n\t\t\t\t\t\t<div class=\"elementor-element elementor-element-b094400 elementor-widget elementor-widget-text-editor\" data-id=\"b094400\" data-element_type=\"widget\" data-widget_type=\"text-editor.default\">\n\t\t\t\t<div class=\"elementor-widget-container\">\n\t\t\t\t\t\t\t<p>W pobli\u017cu Domu ,,Nad Potokiem\u201d znajduj\u0105 si\u0119 r\u00f3\u017cne atrakcje turystyczne, do najwa\u017cniejszych nale\u017c\u0105:<\/p>\t\t\t\t\t\t<\/div>\n\t\t\t\t<\/div>\n\t\t\t\t\t<\/div>\n\t\t<\/div>\n\t\t\t\t\t<\/div>\n\t\t<\/section>\n\t\t\t\t<section class=\"elementor-section elementor-top-section elementor-element elementor-element-d017d2d elementor-section-boxed elementor-section-height-default elementor-section-height-default\" data-id=\"d017d2d\" data-element_type=\"section\">\n\t\t\t\t\t\t<div class=\"elementor-container elementor-column-gap-default\">\n\t\t\t\t\t<div class=\"aux-parallax-section elementor-column elementor-col-50 elementor-top-column elementor-element elementor-element-3a4b927\" data-id=\"3a4b927\" data-element_type=\"column\">\n\t\t\t<div class=\"elementor-widget-wrap elementor-element-populated\">\n\t\t\t\t\t\t<div class=\"elementor-element elementor-element-e6cd879 elementor-widget elementor-widget-text-editor\" data-id=\"e6cd879\" data-element_type=\"widget\" data-widget_type=\"text-editor.default\">\n\t\t\t\t<div class=\"elementor-widget-container\">\n\t\t\t\t\t\t\t<ul><li>Zapory wodne na Solin\u0105 i Myczkowcach &#8211; <a href=\"https:\/\/solina.pl\/\">https:\/\/solina.pl\/<\/a><\/li><li>Kolej gondolowa nad Zalewem Soli\u0144skim &#8211; <a href=\"https:\/\/www.pkl.pl\/solina\/solina.html\">https:\/\/www.pkl.pl\/solina\/solina.html<\/a><\/li><li>Drezyny rowerowe &#8211; http:\/\/drezynyrowerowe.pl\/pl<\/li><li>Bieszczadzka kolej w\u0105skotorowa &#8211; <a href=\"https:\/\/kolejka.bieszczady.pl\/\">https:\/\/kolejka.bieszczady.pl\/<\/a><\/li><li>Wiejskie zoo ,,Sielski Park Rozrywki\u201d Berezka &#8211; <a href=\"https:\/\/www.wiejskiezoo.pl\/\">https:\/\/www.wiejskiezoo.pl\/<\/a><\/li><li>Aquapark w Lesku \u2013 www.basen.lesko.pl<\/li><li>Paintball w Bieszczadach &#8211;<br \/><a href=\"https:\/\/www.facebook.com\/watahapaintball\/?locale=pl_PL\">https:\/\/www.facebook.com\/watahapaintball\/?locale=pl_PL<\/a><\/li><li>Wycieczki autokarowe po Bieszczadach oraz jednodniowe wycieczki na S\u0142owacj\u0119, W\u0119gry oraz inne ciekawe miejsca &#8211;<br \/><a href=\"https:\/\/bieszczader.pl\/t\/lesko-wycieczki\/\">https:\/\/bieszczader.pl\/t\/lesko-wycieczki\/<\/a><\/li><\/ul>\t\t\t\t\t\t<\/div>\n\t\t\t\t<\/div>\n\t\t\t\t\t<\/div>\n\t\t<\/div>\n\t\t\t\t<div class=\"aux-parallax-section elementor-column elementor-col-50 elementor-top-column elementor-element elementor-element-fa2fb15\" data-id=\"fa2fb15\" data-element_type=\"column\">\n\t\t\t<div class=\"elementor-widget-wrap elementor-element-populated\">\n\t\t\t\t\t\t<div class=\"elementor-element elementor-element-5f4745a elementor-widget elementor-widget-text-editor\" data-id=\"5f4745a\" data-element_type=\"widget\" data-widget_type=\"text-editor.default\">\n\t\t\t\t<div class=\"elementor-widget-container\">\n\t\t\t\t\t\t\t<ul><li>Wyci\u0105gi narciarskie &#8211; <a href=\"http:\/\/bieszczady-zima.pl\/narty-bieszczady\/\">http:\/\/bieszczady-zima.pl\/narty-bieszczady\/<\/a><\/li><li>Skansen w Sanoku &#8211; <br \/><a href=\"https:\/\/skansen.mblsanok.pl\/indexokno.php\">https:\/\/skansen.mblsanok.pl\/indexokno.php<\/a><\/li><li>Zabytkowe cerkwie i ko\u015bcio\u0142y.<\/li><li>Szlaki g\u00f3rskie, kt\u00f3re warto przej\u015b\u0107:<br \/>&#8211; Tarnica<br \/>&#8211; Halicz oraz Rozsypaniec<br \/>&#8211; Bukowe Berdno<br \/>&#8211; Po\u0142onina Wetli\u0144ska<br \/>&#8211; Smerk<br \/>&#8211; Po\u0142onina Cary\u0144ska<br \/>&#8211; Ma\u0142a oraz Wielka Rawka<\/li><\/ul>\t\t\t\t\t\t<\/div>\n\t\t\t\t<\/div>\n\t\t\t\t\t<\/div>\n\t\t<\/div>\n\t\t\t\t\t<\/div>\n\t\t<\/section>\n\t\t\t\t<section class=\"elementor-section elementor-top-section elementor-element elementor-element-b73e9bf elementor-section-boxed elementor-section-height-default elementor-section-height-default\" data-id=\"b73e9bf\" data-element_type=\"section\">\n\t\t\t\t\t\t<div class=\"elementor-container elementor-column-gap-default\">\n\t\t\t\t\t<div class=\"aux-parallax-section elementor-column elementor-col-100 elementor-top-column elementor-element elementor-element-f335684\" data-id=\"f335684\" data-element_type=\"column\">\n\t\t\t<div class=\"elementor-widget-wrap elementor-element-populated\">\n\t\t\t\t\t\t<div class=\"elementor-element elementor-element-4b7dad4 elementor-arrows-position-inside elementor-pagination-position-outside elementor-widget elementor-widget-image-carousel\" data-id=\"4b7dad4\" data-element_type=\"widget\" data-settings=\"{&quot;navigation&quot;:&quot;both&quot;,&quot;autoplay&quot;:&quot;yes&quot;,&quot;pause_on_hover&quot;:&quot;yes&quot;,&quot;pause_on_interaction&quot;:&quot;yes&quot;,&quot;autoplay_speed&quot;:5000,&quot;infinite&quot;:&quot;yes&quot;,&quot;speed&quot;:500,&quot;image_spacing_custom&quot;:{&quot;unit&quot;:&quot;px&quot;,&quot;size&quot;:20,&quot;sizes&quot;:[]},&quot;image_spacing_custom_tablet&quot;:{&quot;unit&quot;:&quot;px&quot;,&quot;size&quot;:&quot;&quot;,&quot;sizes&quot;:[]},&quot;image_spacing_custom_mobile&quot;:{&quot;unit&quot;:&quot;px&quot;,&quot;size&quot;:&quot;&quot;,&quot;sizes&quot;:[]}}\" data-widget_type=\"image-carousel.default\">\n\t\t\t\t<div class=\"elementor-widget-container\">\n\t\t\t\t\t<div class=\"elementor-image-carousel-wrapper swiper-container\" dir=\"ltr\">\n\t\t\t<div class=\"elementor-image-carousel swiper-wrapper\" aria-live=\"off\">\n\t\t\t\t\t\t\t\t<div class=\"swiper-slide\" role=\"group\" aria-roledescription=\"slide\" aria-label=\"1 of 9\"><figure class=\"swiper-slide-inner\"><img decoding=\"async\" class=\"swiper-slide-image\" src=\"https:\/\/dom-nadpotokiem.pl\/wp-content\/uploads\/2023\/11\/DSC_0362.jpg\" alt=\"DSC_0362\" \/><\/figure><\/div><div class=\"swiper-slide\" role=\"group\" aria-roledescription=\"slide\" aria-label=\"2 of 9\"><figure class=\"swiper-slide-inner\"><img decoding=\"async\" class=\"swiper-slide-image\" src=\"https:\/\/dom-nadpotokiem.pl\/wp-content\/uploads\/2023\/11\/DSC_0373.jpg\" alt=\"DSC_0373\" \/><\/figure><\/div><div class=\"swiper-slide\" role=\"group\" aria-roledescription=\"slide\" aria-label=\"3 of 9\"><figure class=\"swiper-slide-inner\"><img decoding=\"async\" class=\"swiper-slide-image\" src=\"https:\/\/dom-nadpotokiem.pl\/wp-content\/uploads\/2023\/11\/DSC_0374-Kopia.jpg\" alt=\"DSC_0374 - Kopia\" \/><\/figure><\/div><div class=\"swiper-slide\" role=\"group\" aria-roledescription=\"slide\" aria-label=\"4 of 9\"><figure class=\"swiper-slide-inner\"><img decoding=\"async\" class=\"swiper-slide-image\" src=\"https:\/\/dom-nadpotokiem.pl\/wp-content\/uploads\/2023\/11\/DSC_0392-Kopia.jpg\" alt=\"DSC_0392 - Kopia\" \/><\/figure><\/div><div class=\"swiper-slide\" role=\"group\" aria-roledescription=\"slide\" aria-label=\"5 of 9\"><figure class=\"swiper-slide-inner\"><img decoding=\"async\" class=\"swiper-slide-image\" src=\"https:\/\/dom-nadpotokiem.pl\/wp-content\/uploads\/2023\/11\/DSC_0396.jpg\" alt=\"DSC_0396\" \/><\/figure><\/div><div class=\"swiper-slide\" role=\"group\" aria-roledescription=\"slide\" aria-label=\"6 of 9\"><figure class=\"swiper-slide-inner\"><img decoding=\"async\" class=\"swiper-slide-image\" src=\"https:\/\/dom-nadpotokiem.pl\/wp-content\/uploads\/2023\/11\/DSC_0398.jpg\" alt=\"DSC_0398\" \/><\/figure><\/div><div class=\"swiper-slide\" role=\"group\" aria-roledescription=\"slide\" aria-label=\"7 of 9\"><figure class=\"swiper-slide-inner\"><img decoding=\"async\" class=\"swiper-slide-image\" src=\"https:\/\/dom-nadpotokiem.pl\/wp-content\/uploads\/2023\/11\/DSC_0453-Kopia.jpg\" alt=\"DSC_0453 - Kopia\" \/><\/figure><\/div><div class=\"swiper-slide\" role=\"group\" aria-roledescription=\"slide\" aria-label=\"8 of 9\"><figure class=\"swiper-slide-inner\"><img decoding=\"async\" class=\"swiper-slide-image\" src=\"https:\/\/dom-nadpotokiem.pl\/wp-content\/uploads\/2023\/11\/DSC_0508.jpg\" alt=\"DSC_0508\" \/><\/figure><\/div><div class=\"swiper-slide\" role=\"group\" aria-roledescription=\"slide\" aria-label=\"9 of 9\"><figure class=\"swiper-slide-inner\"><img decoding=\"async\" class=\"swiper-slide-image\" src=\"https:\/\/dom-nadpotokiem.pl\/wp-content\/uploads\/2023\/11\/DSC_0521.jpg\" alt=\"DSC_0521\" \/><\/figure><\/div>\t\t\t<\/div>\n\t\t\t\t\t\t\t\t\t\t\t\t<div class=\"elementor-swiper-button elementor-swiper-button-prev\" role=\"button\" tabindex=\"0\">\n\t\t\t\t\t\t<i aria-hidden=\"true\" class=\"eicon-chevron-left\"><\/i>\t\t\t\t\t<\/div>\n\t\t\t\t\t<div class=\"elementor-swiper-button elementor-swiper-button-next\" role=\"button\" tabindex=\"0\">\n\t\t\t\t\t\t<i aria-hidden=\"true\" class=\"eicon-chevron-right\"><\/i>\t\t\t\t\t<\/div>\n\t\t\t\t\n\t\t\t\t\t\t\t\t\t<div class=\"swiper-pagination\"><\/div>\n\t\t\t\t\t\t\t\t\t<\/div>\n\t\t\t\t<\/div>\n\t\t\t\t<\/div>\n\t\t\t\t\t<\/div>\n\t\t<\/div>\n\t\t\t\t\t<\/div>\n\t\t<\/section>\n\t\t\t\t<\/div>\n\t\t","protected":false},"excerpt":{"rendered":"<p>W pobli\u017cu Domu ,,Nad Potokiem\u201d znajduj\u0105 si\u0119 r\u00f3\u017cne atrakcje turystyczne, do najwa\u017cniejszych nale\u017c\u0105: Zapory wodne na Solin\u0105 i Myczkowcach &#8211; https:\/\/solina.pl\/ Kolej gondolowa nad Zalewem Soli\u0144skim &#8211; https:\/\/www.pkl.pl\/solina\/solina.html Drezyny rowerowe &#8211; http:\/\/drezynyrowerowe.pl\/pl Bieszczadzka kolej w\u0105skotorowa &#8211; https:\/\/kolejka.bieszczady.pl\/ Wiejskie zoo ,,Sielski Park Rozrywki\u201d Berezka &#8211; https:\/\/www.wiejskiezoo.pl\/ Aquapark w Lesku \u2013 www.basen.lesko.pl Paintball w Bieszczadach &#8211;https:\/\/www.facebook.com\/watahapaintball\/?locale=pl_PL Wycieczki [&hellip;]<\/p>\n","protected":false},"author":1,"featured_media":0,"parent":0,"menu_order":0,"comment_status":"closed","ping_status":"closed","template":"","meta":{"footnotes":""},"_links":{"self":[{"href":"https:\/\/dom-nadpotokiem.pl\/index.php\/wp-json\/wp\/v2\/pages\/459"}],"collection":[{"href":"https:\/\/dom-nadpotokiem.pl\/index.php\/wp-json\/wp\/v2\/pages"}],"about":[{"href":"https:\/\/dom-nadpotokiem.pl\/index.php\/wp-json\/wp\/v2\/types\/page"}],"author":[{"embeddable":true,"href":"https:\/\/dom-nadpotokiem.pl\/index.php\/wp-json\/wp\/v2\/users\/1"}],"replies":[{"embeddable":true,"href":"https:\/\/dom-nadpotokiem.pl\/index.php\/wp-json\/wp\/v2\/comments?post=459"}],"version-history":[{"count":73,"href":"https:\/\/dom-nadpotokiem.pl\/index.php\/wp-json\/wp\/v2\/pages\/459\/revisions"}],"predecessor-version":[{"id":725,"href":"https:\/\/dom-nadpotokiem.pl\/index.php\/wp-json\/wp\/v2\/pages\/459\/revisions\/725"}],"wp:attachment":[{"href":"https:\/\/dom-nadpotokiem.pl\/index.php\/wp-json\/wp\/v2\/media?parent=459"}],"curies":[{"name":"wp","href":"https:\/\/api.w.org\/{rel}","templated":true}]}}