{"id":3,"date":"2023-10-08T17:00:49","date_gmt":"2023-10-08T17:00:49","guid":{"rendered":"http:\/\/dom-nadpotokiem.pl\/?page_id=3"},"modified":"2023-10-25T19:15:49","modified_gmt":"2023-10-25T19:15:49","slug":"privacy-policy","status":"publish","type":"page","link":"https:\/\/dom-nadpotokiem.pl\/index.php\/privacy-policy\/","title":{"rendered":"Polityka prywatno\u015bci"},"content":{"rendered":"\t\t<div data-elementor-type=\"wp-page\" data-elementor-id=\"3\" class=\"elementor elementor-3\">\n\t\t\t\t\t\t<section class=\"elementor-section elementor-top-section elementor-element elementor-element-db11943 elementor-section-boxed elementor-section-height-default elementor-section-height-default\" data-id=\"db11943\" data-element_type=\"section\">\n\t\t\t\t\t\t<div class=\"elementor-container elementor-column-gap-default\">\n\t\t\t\t\t<div class=\"aux-parallax-section elementor-column elementor-col-100 elementor-top-column elementor-element elementor-element-9e9bf4c\" data-id=\"9e9bf4c\" data-element_type=\"column\">\n\t\t\t<div class=\"elementor-widget-wrap elementor-element-populated\">\n\t\t\t\t\t\t<div class=\"elementor-element elementor-element-01a8050 elementor-widget elementor-widget-spacer\" data-id=\"01a8050\" data-element_type=\"widget\" data-widget_type=\"spacer.default\">\n\t\t\t\t<div class=\"elementor-widget-container\">\n\t\t\t\t\t<div class=\"elementor-spacer\">\n\t\t\t<div class=\"elementor-spacer-inner\"><\/div>\n\t\t<\/div>\n\t\t\t\t<\/div>\n\t\t\t\t<\/div>\n\t\t\t\t\t<\/div>\n\t\t<\/div>\n\t\t\t\t\t<\/div>\n\t\t<\/section>\n\t\t\t\t<section class=\"elementor-section elementor-top-section elementor-element elementor-element-e02803d elementor-section-boxed elementor-section-height-default elementor-section-height-default\" data-id=\"e02803d\" data-element_type=\"section\">\n\t\t\t\t\t\t<div class=\"elementor-container elementor-column-gap-default\">\n\t\t\t\t\t<div class=\"aux-parallax-section elementor-column elementor-col-100 elementor-top-column elementor-element elementor-element-a5d4e07\" data-id=\"a5d4e07\" data-element_type=\"column\">\n\t\t\t<div class=\"elementor-widget-wrap elementor-element-populated\">\n\t\t\t\t\t\t<div class=\"elementor-element elementor-element-a381779 elementor-widget elementor-widget-text-editor\" data-id=\"a381779\" data-element_type=\"widget\" data-widget_type=\"text-editor.default\">\n\t\t\t\t<div class=\"elementor-widget-container\">\n\t\t\t\t\t\t\t<p>POLITYKA PRYWATNO\u015aCI<\/p>\t\t\t\t\t\t<\/div>\n\t\t\t\t<\/div>\n\t\t\t\t\t<\/div>\n\t\t<\/div>\n\t\t\t\t\t<\/div>\n\t\t<\/section>\n\t\t\t\t<section class=\"elementor-section elementor-top-section elementor-element elementor-element-20872488 elementor-section-boxed elementor-section-height-default elementor-section-height-default\" data-id=\"20872488\" data-element_type=\"section\">\n\t\t\t\t\t\t<div class=\"elementor-container elementor-column-gap-default\">\n\t\t\t\t\t<div class=\"aux-parallax-section elementor-column elementor-col-100 elementor-top-column elementor-element elementor-element-2198b22c\" data-id=\"2198b22c\" data-element_type=\"column\">\n\t\t\t<div class=\"elementor-widget-wrap elementor-element-populated\">\n\t\t\t\t\t\t<div class=\"elementor-element elementor-element-6c21f711 elementor-widget elementor-widget-text-editor\" data-id=\"6c21f711\" data-element_type=\"widget\" data-widget_type=\"text-editor.default\">\n\t\t\t\t<div class=\"elementor-widget-container\">\n\t\t\t\t\t\t\t<p>Administrator\/Anna Marek-Biele\u0144 z siedzib\u0105 \u015arednia Wie\u015b 201, 38-604 Hoczew, informuje Pani\u0105\/Pana o realizacji na\u0142o\u017conego na administratora obowi\u0105zku informacyjnego istniej\u0105cego w przypadku pozyskiwania danych osobowych zgodnie z art. 13, 14 i 15 rozporz\u0105dzenia parlamentu Europejskiego i Rady (UE) 2016\/679 z dnia 27 kwietnia 2016 r. w sprawie ochrony os\u00f3b fizycznych, w zwi\u0105zku z przetwarzaniem danych osobowych i w sprawie swobodnego przep\u0142ywu takich danych oraz uchylenia dyrektywy 95\/46\/WE (og\u00f3lne rozporz\u0105dzenie o ochronie danych osobowych) zwanego RODO. Anna Marek-Biele\u0144, \u015arednia Wie\u015b 201, 38-604 Hoczew, e-mail: domnadpotokiem.bieszczady.@gmail.com. Informuj\u0119 o prawie \u017c\u0105dania dost\u0119pu do danych osobowych, prawie do ich sprostowania, usuni\u0119cia, ograniczenia przetwarzania, prawie do wniesienia sprzeciwu wobec przetwarzania, a tak\u017ce o prawie do przenoszenia danych w zakresie uregulowanym w RODO. Jednocze\u015bnie informuj\u0119 o prawie do wniesienia skargi do organu nadzorczego \u2013 Prezesa Urz\u0119du Ochrony Danych Osobowych, gdy uzasadnione jest, i\u017c dane osobowe przetwarzane s\u0105 przez administratora niezgodnie z przepisami RODO.<\/p>\t\t\t\t\t\t<\/div>\n\t\t\t\t<\/div>\n\t\t\t\t\t<\/div>\n\t\t<\/div>\n\t\t\t\t\t<\/div>\n\t\t<\/section>\n\t\t\t\t<\/div>\n\t\t","protected":false},"excerpt":{"rendered":"<p>POLITYKA PRYWATNO\u015aCI Administrator\/Anna Marek-Biele\u0144 z siedzib\u0105 \u015arednia Wie\u015b 201, 38-604 Hoczew, informuje Pani\u0105\/Pana o realizacji na\u0142o\u017conego na administratora obowi\u0105zku informacyjnego istniej\u0105cego w przypadku pozyskiwania danych osobowych zgodnie z art. 13, 14 i 15 rozporz\u0105dzenia parlamentu Europejskiego i Rady (UE) 2016\/679 z dnia 27 kwietnia 2016 r. w sprawie ochrony os\u00f3b fizycznych, w zwi\u0105zku z przetwarzaniem [&hellip;]<\/p>\n","protected":false},"author":1,"featured_media":0,"parent":0,"menu_order":0,"comment_status":"closed","ping_status":"open","template":"","meta":{"footnotes":""},"_links":{"self":[{"href":"https:\/\/dom-nadpotokiem.pl\/index.php\/wp-json\/wp\/v2\/pages\/3"}],"collection":[{"href":"https:\/\/dom-nadpotokiem.pl\/index.php\/wp-json\/wp\/v2\/pages"}],"about":[{"href":"https:\/\/dom-nadpotokiem.pl\/index.php\/wp-json\/wp\/v2\/types\/page"}],"author":[{"embeddable":true,"href":"https:\/\/dom-nadpotokiem.pl\/index.php\/wp-json\/wp\/v2\/users\/1"}],"replies":[{"embeddable":true,"href":"https:\/\/dom-nadpotokiem.pl\/index.php\/wp-json\/wp\/v2\/comments?post=3"}],"version-history":[{"count":13,"href":"https:\/\/dom-nadpotokiem.pl\/index.php\/wp-json\/wp\/v2\/pages\/3\/revisions"}],"predecessor-version":[{"id":668,"href":"https:\/\/dom-nadpotokiem.pl\/index.php\/wp-json\/wp\/v2\/pages\/3\/revisions\/668"}],"wp:attachment":[{"href":"https:\/\/dom-nadpotokiem.pl\/index.php\/wp-json\/wp\/v2\/media?parent=3"}],"curies":[{"name":"wp","href":"https:\/\/api.w.org\/{rel}","templated":true}]}}